{"id":62,"date":"2020-06-24T11:41:40","date_gmt":"2020-06-24T11:41:40","guid":{"rendered":"https:\/\/stockholm62.qodeinteractive.com\/?page_id=62"},"modified":"2024-04-02T22:53:30","modified_gmt":"2024-04-02T20:53:30","slug":"contact","status":"publish","type":"page","link":"http:\/\/pernillebjoern.dk\/?page_id=62","title":{"rendered":"Kontakt"},"content":{"rendered":"\t\t<div data-elementor-type=\"wp-page\" data-elementor-id=\"62\" class=\"elementor elementor-62\">\n\t\t\t\t\t\t<section class=\"elementor-section elementor-top-section elementor-element elementor-element-92bf5d1 elementor-section-boxed elementor-section-height-default elementor-section-height-default parallax_section_no qode_elementor_container_no qode-content-aligment-left\" data-id=\"92bf5d1\" data-element_type=\"section\">\n\t\t\t\t\t\t<div class=\"elementor-container elementor-column-gap-default\">\n\t\t\t\t\t<div class=\"elementor-column elementor-col-100 elementor-top-column elementor-element elementor-element-e53c060\" data-id=\"e53c060\" data-element_type=\"column\">\n\t\t\t<div class=\"elementor-widget-wrap elementor-element-populated\">\n\t\t\t\t\t\t<div class=\"elementor-element elementor-element-c59e277 elementor-widget elementor-widget-slider_revolution\" data-id=\"c59e277\" data-element_type=\"widget\" data-widget_type=\"slider_revolution.default\">\n\t\t\t\t<div class=\"elementor-widget-container\">\n\t\t\t\n\t\t<div class=\"wp-block-themepunch-revslider\">\n\t\t\t<!-- START contact REVOLUTION SLIDER 6.5.11 --><p class=\"rs-p-wp-fix\"><\/p>\n\t\t\t<rs-module-wrap id=\"rev_slider_3_1_wrapper\" data-source=\"gallery\" style=\"visibility:hidden;background:transparent;padding:0;margin:0px auto;margin-top:0;margin-bottom:0;\">\n\t\t\t\t<rs-module id=\"rev_slider_3_1\" style=\"\" data-version=\"6.5.11\">\n\t\t\t\t\t<rs-slides>\n\t\t\t\t\t\t<rs-slide style=\"position: absolute;\" data-key=\"rs-5\" data-title=\"Slide\" data-in=\"o:0;\" data-out=\"a:false;\">\n\t\t\t\t\t\t\t<img fetchpriority=\"high\" decoding=\"async\" src=\"\/\/pernillebjoern.dk\/wp-content\/plugins\/revslider\/public\/assets\/assets\/dummy.png\" alt=\"d\" title=\"about-img-1\" width=\"1920\" height=\"550\" class=\"rev-slidebg tp-rs-img rs-lazyload\" data-lazyload=\"\/\/pernillebjoern.dk\/wp-content\/uploads\/2020\/06\/about-img-1.jpg\" data-bg=\"p:center top;\" data-parallax=\"off\" data-no-retina>\n<!--\n\t\t\t\t\t\t\t--><rs-layer\n\t\t\t\t\t\t\t\tid=\"slider-3-slide-5-layer-0\" \n\t\t\t\t\t\t\t\tdata-type=\"text\"\n\t\t\t\t\t\t\t\tdata-color=\"rgba(255, 255, 255, 0)\"\n\t\t\t\t\t\t\t\tdata-xy=\"x:c;y:m;yo:-10px;\"\n\t\t\t\t\t\t\t\tdata-text=\"w:normal;s:200,180,180,80;l:300;fw:600;\"\n\t\t\t\t\t\t\t\tdata-tst=\"w:2px;c:#ffffff;\"\n\t\t\t\t\t\t\t\tdata-basealign=\"slide\"\n\t\t\t\t\t\t\t\tdata-rsp_o=\"off\"\n\t\t\t\t\t\t\t\tdata-rsp_bd=\"off\"\n\t\t\t\t\t\t\t\tdata-frame_0=\"y:50;\"\n\t\t\t\t\t\t\t\tdata-frame_1=\"sp:1000;\"\n\t\t\t\t\t\t\t\tdata-frame_999=\"o:0;st:w;\"\n\t\t\t\t\t\t\t\tstyle=\"z-index:5;font-family:'EB Garamond';\"\n\t\t\t\t\t\t\t>Kontakt \n\t\t\t\t\t\t\t<\/rs-layer><!--\n-->\t\t\t\t\t\t<\/rs-slide>\n\t\t\t\t\t<\/rs-slides>\n\t\t\t\t<\/rs-module>\n\t\t\t\t<script type=\"text\/javascript\">\n\t\t\t\t\tsetREVStartSize({c: 'rev_slider_3_1',rl:[1240,1024,778,480],el:[550,768,960,550],gw:[1240,1024,778,480],gh:[550,550,550,550],type:'standard',justify:'',layout:'fullwidth',mh:\"0\"});if (window.RS_MODULES!==undefined && window.RS_MODULES.modules!==undefined && window.RS_MODULES.modules[\"revslider31\"]!==undefined) {window.RS_MODULES.modules[\"revslider31\"].once = false;window.revapi3 = undefined;if (window.RS_MODULES.checkMinimal!==undefined) window.RS_MODULES.checkMinimal()}\n\t\t\t\t<\/script>\n\t\t\t<\/rs-module-wrap>\n\t\t\t<!-- END REVOLUTION SLIDER -->\n<\/div>\n\n\t\t\t\t<\/div>\n\t\t\t\t<\/div>\n\t\t\t\t\t<\/div>\n\t\t<\/div>\n\t\t\t\t\t<\/div>\n\t\t<\/section>\n\t\t\t\t<section class=\"elementor-section elementor-top-section elementor-element elementor-element-d52538d elementor-section-full_width qode_elementor_container_inner elementor-section-height-default elementor-section-height-default parallax_section_no qode-content-aligment-left\" data-id=\"d52538d\" data-element_type=\"section\">\n\t\t\t\t\t\t<div class=\"elementor-container elementor-column-gap-default\">\n\t\t\t\t\t<div class=\"elementor-column elementor-col-100 elementor-top-column elementor-element elementor-element-8f63230\" data-id=\"8f63230\" data-element_type=\"column\">\n\t\t\t<div class=\"elementor-widget-wrap elementor-element-populated\">\n\t\t\t\t\t\t<div class=\"elementor-element elementor-element-f476d06 elementor-widget elementor-widget-text-editor\" data-id=\"f476d06\" data-element_type=\"widget\" data-widget_type=\"text-editor.default\">\n\t\t\t\t<div class=\"elementor-widget-container\">\n\t\t\t\t\t\t\t<h1>Lad os booke en tid!<\/h1>\t\t\t\t\t\t<\/div>\n\t\t\t\t<\/div>\n\t\t\t\t<div class=\"elementor-element elementor-element-58c2dc1 elementor-widget elementor-widget-text-editor\" data-id=\"58c2dc1\" data-element_type=\"widget\" data-widget_type=\"text-editor.default\">\n\t\t\t\t<div class=\"elementor-widget-container\">\n\t\t\t\t\t\t\t<h4>Det er let at komme i kontakt med os. Ring til os og s\u00e5 vil vi hj\u00e6lpe dig.<\/h4>\t\t\t\t\t\t<\/div>\n\t\t\t\t<\/div>\n\t\t\t\t<div class=\"elementor-element elementor-element-1ea2600 elementor-widget elementor-widget-text-editor\" data-id=\"1ea2600\" data-element_type=\"widget\" data-widget_type=\"text-editor.default\">\n\t\t\t\t<div class=\"elementor-widget-container\">\n\t\t\t\t\t\t\t<p style=\"line-height: 34px;\"><a href=\"tel:+00 123 456\">+<\/a>45 6360 4030<\/p><p style=\"line-height: 34px;\"><strong>BEM\u00c6RK: MIDLERTIDIG ADRESSE I APRIL:<\/strong><\/p><p style=\"line-height: 34px;\"><strong>Kongensgade 66-68, 1. TH,<\/strong><\/p><p style=\"line-height: 34px;\"><strong>5000 Odense C<\/strong><\/p><p>\u00a0<\/p><p style=\"line-height: 34px;\">Fra 1. Maj er vi tilbage p\u00e5:<br \/>Sadolinsgade 131, ST<br \/>5230 Odense M<\/p><p style=\"line-height: 34px;\">mail@pernillebjoern.dk<\/p>\t\t\t\t\t\t<\/div>\n\t\t\t\t<\/div>\n\t\t\t\t<div class=\"elementor-element elementor-element-43e92a0 elementor-widget elementor-widget-text-editor\" data-id=\"43e92a0\" data-element_type=\"widget\" data-widget_type=\"text-editor.default\">\n\t\t\t\t<div class=\"elementor-widget-container\">\n\t\t\t\t\t\t\t<p style=\"font-size: 14px;\">F\u00f8lg os her!<\/p>\t\t\t\t\t\t<\/div>\n\t\t\t\t<\/div>\n\t\t\t\t<div class=\"elementor-element elementor-element-9d802ec elementor-widget elementor-widget-text-editor\" data-id=\"9d802ec\" data-element_type=\"widget\" data-widget_type=\"text-editor.default\">\n\t\t\t\t<div class=\"elementor-widget-container\">\n\t\t\t\t\t\t\t<h5><a style=\"margin: 0 26px 0 0;\" href=\"https:\/\/www.facebook.com\/salonpernillebjoern\" class=\"qode-underlined-link\" target=\"_blank\" rel=\"noopener\">Facebook<\/a><a style=\"margin: 0 20px 0 0;\" href=\"https:\/\/www.instagram.com\/salon_pernillebjoern\/\" class=\"qode-underlined-link\" target=\"_blank\" rel=\"noopener\">Instagram<\/a> <a style=\"margin: 0 15px 0 0;\" \t\t\t\t\t\t<\/div>\n\t\t\t\t<\/div>\n\t\t\t\t\t<\/div>\n\t\t<\/div>\n\t\t\t\t\t<\/div>\n\t\t<\/section>\n\t\t\t\t<\/div>\n\t\t","protected":false},"excerpt":{"rendered":"<p>Lad os booke en tid! Det er let at komme i kontakt med os. Ring til os og s\u00e5 vil vi hj\u00e6lpe dig. +45 6360 4030 BEM\u00c6RK: MIDLERTIDIG ADRESSE I APRIL: Kongensgade 66-68, 1. TH, 5000 Odense C \u00a0 Fra 1. Maj er vi tilbage&#8230;<\/p>\n","protected":false},"author":10,"featured_media":0,"parent":0,"menu_order":0,"comment_status":"closed","ping_status":"closed","template":"full_width.php","meta":{"footnotes":""},"class_list":["post-62","page","type-page","status-publish","hentry"],"_links":{"self":[{"href":"http:\/\/pernillebjoern.dk\/index.php?rest_route=\/wp\/v2\/pages\/62"}],"collection":[{"href":"http:\/\/pernillebjoern.dk\/index.php?rest_route=\/wp\/v2\/pages"}],"about":[{"href":"http:\/\/pernillebjoern.dk\/index.php?rest_route=\/wp\/v2\/types\/page"}],"author":[{"embeddable":true,"href":"http:\/\/pernillebjoern.dk\/index.php?rest_route=\/wp\/v2\/users\/10"}],"replies":[{"embeddable":true,"href":"http:\/\/pernillebjoern.dk\/index.php?rest_route=%2Fwp%2Fv2%2Fcomments&post=62"}],"version-history":[{"count":14,"href":"http:\/\/pernillebjoern.dk\/index.php?rest_route=\/wp\/v2\/pages\/62\/revisions"}],"predecessor-version":[{"id":234,"href":"http:\/\/pernillebjoern.dk\/index.php?rest_route=\/wp\/v2\/pages\/62\/revisions\/234"}],"wp:attachment":[{"href":"http:\/\/pernillebjoern.dk\/index.php?rest_route=%2Fwp%2Fv2%2Fmedia&parent=62"}],"curies":[{"name":"wp","href":"https:\/\/api.w.org\/{rel}","templated":true}]}}