{"id":6,"date":"2020-06-23T09:29:38","date_gmt":"2020-06-23T09:29:38","guid":{"rendered":"https:\/\/stockholm62.qodeinteractive.com\/?page_id=6"},"modified":"2023-05-09T14:14:55","modified_gmt":"2023-05-09T12:14:55","slug":"home","status":"publish","type":"page","link":"http:\/\/pernillebjoern.dk\/","title":{"rendered":"Home"},"content":{"rendered":"\t\t<div data-elementor-type=\"wp-page\" data-elementor-id=\"6\" class=\"elementor elementor-6\">\n\t\t\t\t\t\t<section class=\"elementor-section elementor-top-section elementor-element elementor-element-92bf5d1 elementor-section-boxed elementor-section-height-default elementor-section-height-default parallax_section_no qode_elementor_container_no qode-content-aligment-left\" data-id=\"92bf5d1\" data-element_type=\"section\">\n\t\t\t\t\t\t<div class=\"elementor-container elementor-column-gap-default\">\n\t\t\t\t\t<div class=\"elementor-column elementor-col-100 elementor-top-column elementor-element elementor-element-e53c060\" data-id=\"e53c060\" data-element_type=\"column\">\n\t\t\t<div class=\"elementor-widget-wrap elementor-element-populated\">\n\t\t\t\t\t\t<div class=\"elementor-element elementor-element-c59e277 elementor-widget elementor-widget-slider_revolution\" data-id=\"c59e277\" data-element_type=\"widget\" data-widget_type=\"slider_revolution.default\">\n\t\t\t\t<div class=\"elementor-widget-container\">\n\t\t\t\n\t\t<div class=\"wp-block-themepunch-revslider\">\n\t\t\t<!-- START home REVOLUTION SLIDER 6.5.11 --><p class=\"rs-p-wp-fix\"><\/p>\n\t\t\t<rs-module-wrap id=\"rev_slider_1_1_wrapper\" data-source=\"gallery\" style=\"visibility:hidden;background:transparent;padding:0;\">\n\t\t\t\t<rs-module id=\"rev_slider_1_1\" style=\"\" data-version=\"6.5.11\">\n\t\t\t\t\t<rs-slides>\n\t\t\t\t\t\t<rs-slide style=\"position: absolute;\" data-key=\"rs-7\" data-title=\"Slide\" data-anim=\"ms:4000;\" data-in=\"o:0;\" data-out=\"a:false;\" data-p1=\"1\">\n\t\t\t\t\t\t\t<img fetchpriority=\"high\" decoding=\"async\" src=\"\/\/pernillebjoern.dk\/wp-content\/plugins\/revslider\/public\/assets\/assets\/dummy.png\" title=\"Home\" width=\"4098\" height=\"2304\" class=\"rev-slidebg tp-rs-img rs-lazyload\" data-lazyload=\"\/\/pernillebjoern.dk\/wp-content\/uploads\/2024\/04\/Home.png\" data-bg=\"p:50% -30%;\" data-no-retina>\n<!--\n\t\t\t\t\t\t\t--><a\n\t\t\t\t\t\t\t\tid=\"slider-1-slide-7-layer-1\" \n\t\t\t\t\t\t\t\tclass=\"rs-layer\"\n\t\t\t\t\t\t\t\thref=\"https:\/\/salonbook.one\/?bbcreative#\/\" target=\"_self\"\n\t\t\t\t\t\t\t\tdata-type=\"text\"\n\t\t\t\t\t\t\t\tdata-xy=\"xo:50px,50px,50px,30px;y:b;yo:87px;\"\n\t\t\t\t\t\t\t\tdata-text=\"w:normal;s:45;l:50;fw:600;\"\n\t\t\t\t\t\t\t\tdata-basealign=\"slide\"\n\t\t\t\t\t\t\t\tdata-rsp_o=\"off\"\n\t\t\t\t\t\t\t\tdata-rsp_bd=\"off\"\n\t\t\t\t\t\t\t\tdata-frame_0=\"y:50;\"\n\t\t\t\t\t\t\t\tdata-frame_1=\"st:670;sp:3110;sR:670;\"\n\t\t\t\t\t\t\t\tdata-frame_999=\"o:0;e:power4.inOut;st:w;sp:1000;sR:220;\"\n\t\t\t\t\t\t\t\tstyle=\"z-index:21;font-family:'EB Garamond';\"\n\t\t\t\t\t\t\t>Book tid \n\t\t\t\t\t\t\t<\/a><!--\n\n\t\t\t\t\t\t\t--><rs-layer\n\t\t\t\t\t\t\t\tid=\"slider-1-slide-7-layer-6\" \n\t\t\t\t\t\t\t\tdata-type=\"text\"\n\t\t\t\t\t\t\t\tdata-color=\"#fff\"\n\t\t\t\t\t\t\t\tdata-xy=\"x:c;y:m;yo:55px,45px,34px,20px;\"\n\t\t\t\t\t\t\t\tdata-text=\"w:normal;s:40,33,25,15;l:50,41,31,19;ls:3px,2px,1px,0px;a:center;\"\n\t\t\t\t\t\t\t\tdata-dim=\"w:760px,627px,476px,293px;h:125px,103px,78px,48px;minh:0px,none,none,none;\"\n\t\t\t\t\t\t\t\tdata-rsp_o=\"off\"\n\t\t\t\t\t\t\t\tdata-rsp_bd=\"off\"\n\t\t\t\t\t\t\t\tdata-frame_1=\"y:40px,33px,25px,15px;sp:3850;\"\n\t\t\t\t\t\t\t\tdata-frame_999=\"o:0;st:w;sR:150;\"\n\t\t\t\t\t\t\t\tstyle=\"z-index:22;font-family:'Inter';\"\n\t\t\t\t\t\t\t>PERNILLE BJ\u00d8RN & TINE BALLE G\u00c5R SAMMEN OG BLIVER TIL<br \/>\nBB CREATIVE HAIRSTUDIO \n\t\t\t\t\t\t\t<\/rs-layer><!--\n\n\t\t\t\t\t\t\t--><rs-layer\n\t\t\t\t\t\t\t\tid=\"slider-1-slide-7-layer-12\" \n\t\t\t\t\t\t\t\tdata-type=\"text\"\n\t\t\t\t\t\t\t\tdata-color=\"#fff\"\n\t\t\t\t\t\t\t\tdata-xy=\"x:c;xo:0,0,0,-5px;yo:651px,537px,407px,440px;\"\n\t\t\t\t\t\t\t\tdata-text=\"w:normal;s:17,14,10,6;l:20,16,12,7;ls:2,1,0,0;a:center;\"\n\t\t\t\t\t\t\t\tdata-dim=\"minh:0px,none,none,none;\"\n\t\t\t\t\t\t\t\tdata-rsp_o=\"off\"\n\t\t\t\t\t\t\t\tdata-rsp_bd=\"off\"\n\t\t\t\t\t\t\t\tdata-frame_1=\"sp:3770;\"\n\t\t\t\t\t\t\t\tdata-frame_999=\"o:0;st:w;sR:230;\"\n\t\t\t\t\t\t\t\tstyle=\"z-index:23;font-family:'Open Sans';text-transform:uppercase;\"\n\t\t\t\t\t\t\t>LUKSUS OG SK\u00d8NHED I DE PERFEKTE OMGIVELSER \n\t\t\t\t\t\t\t<\/rs-layer><!--\n\n\t\t\t\t\t\t\t--><rs-layer\n\t\t\t\t\t\t\t\tid=\"slider-1-slide-7-layer-22\" \n\t\t\t\t\t\t\t\tdata-type=\"text\"\n\t\t\t\t\t\t\t\tdata-color=\"#fff\"\n\t\t\t\t\t\t\t\tdata-xy=\"x:c;xo:0,0,0,-5px;y:m;yo:334px,275px,208px,440px;\"\n\t\t\t\t\t\t\t\tdata-text=\"w:normal;s:17,14,10,6;l:20,16,12,7;ls:2,1,0,0;a:center;\"\n\t\t\t\t\t\t\t\tdata-dim=\"h:61px,50px,37px,22px;minh:0px,none,none,none;\"\n\t\t\t\t\t\t\t\tdata-rsp_o=\"off\"\n\t\t\t\t\t\t\t\tdata-rsp_bd=\"off\"\n\t\t\t\t\t\t\t\tdata-frame_1=\"sp:3770;\"\n\t\t\t\t\t\t\t\tdata-frame_999=\"o:0;st:w;sR:230;\"\n\t\t\t\t\t\t\t\tstyle=\"z-index:23;font-family:'Open Sans';text-transform:uppercase;font-style:italic;\"\n\t\t\t\t\t\t\t>Vores nye hjemmeside er under opbygning, men du kan<br \/>\nf\u00f8lge med p\u00e5 @bbcreative_hairstudio p\u00e5 Instagram indtil da. \n\t\t\t\t\t\t\t<\/rs-layer><!--\n-->\t\t\t\t\t\t<\/rs-slide>\n\t\t\t\t\t<\/rs-slides>\n\t\t\t\t\t<rs-static-layers><!--\n\t\t\t\t\t--><\/rs-static-layers>\n\t\t\t\t<\/rs-module>\n\t\t\t\t<script type=\"text\/javascript\">\n\t\t\t\t\tsetREVStartSize({c: 'rev_slider_1_1',rl:[1240,1024,778,480],el:[900,768,960,720],gw:[1240,1024,778,480],gh:[900,768,960,720],type:'standard',justify:'',layout:'fullscreen',offsetContainer:'',offset:'',mh:\"0\"});if (window.RS_MODULES!==undefined && window.RS_MODULES.modules!==undefined && window.RS_MODULES.modules[\"revslider11\"]!==undefined) {window.RS_MODULES.modules[\"revslider11\"].once = false;window.revapi1 = undefined;if (window.RS_MODULES.checkMinimal!==undefined) window.RS_MODULES.checkMinimal()}\n\t\t\t\t<\/script>\n\t\t\t<\/rs-module-wrap>\n\t\t\t<!-- END REVOLUTION SLIDER -->\n<\/div>\n\n\t\t\t\t<\/div>\n\t\t\t\t<\/div>\n\t\t\t\t\t<\/div>\n\t\t<\/div>\n\t\t\t\t\t<\/div>\n\t\t<\/section>\n\t\t\t\t<\/div>\n\t\t","protected":false},"excerpt":{"rendered":"Book tid PERNILLE BJ\u00d8RN & TINE BALLE G\u00c5R SAMMEN OG BLIVER TIL BB CREATIVE HAIRSTUDIO LUKSUS OG SK\u00d8NHED I DE PERFEKTE OMGIVELSER Vores nye hjemmeside er under opbygning, men du kan f\u00f8lge med p\u00e5 @bbcreative_hairstudio p\u00e5 Instagram indtil da.","protected":false},"author":10,"featured_media":0,"parent":0,"menu_order":0,"comment_status":"closed","ping_status":"closed","template":"full_width.php","meta":{"footnotes":""},"class_list":["post-6","page","type-page","status-publish","hentry"],"_links":{"self":[{"href":"http:\/\/pernillebjoern.dk\/index.php?rest_route=\/wp\/v2\/pages\/6"}],"collection":[{"href":"http:\/\/pernillebjoern.dk\/index.php?rest_route=\/wp\/v2\/pages"}],"about":[{"href":"http:\/\/pernillebjoern.dk\/index.php?rest_route=\/wp\/v2\/types\/page"}],"author":[{"embeddable":true,"href":"http:\/\/pernillebjoern.dk\/index.php?rest_route=\/wp\/v2\/users\/10"}],"replies":[{"embeddable":true,"href":"http:\/\/pernillebjoern.dk\/index.php?rest_route=%2Fwp%2Fv2%2Fcomments&post=6"}],"version-history":[{"count":2,"href":"http:\/\/pernillebjoern.dk\/index.php?rest_route=\/wp\/v2\/pages\/6\/revisions"}],"predecessor-version":[{"id":225,"href":"http:\/\/pernillebjoern.dk\/index.php?rest_route=\/wp\/v2\/pages\/6\/revisions\/225"}],"wp:attachment":[{"href":"http:\/\/pernillebjoern.dk\/index.php?rest_route=%2Fwp%2Fv2%2Fmedia&parent=6"}],"curies":[{"name":"wp","href":"https:\/\/api.w.org\/{rel}","templated":true}]}}